{"id":3155,"date":"2025-11-19T09:12:01","date_gmt":"2025-11-19T12:12:01","guid":{"rendered":"https:\/\/sceweb2.com.br\/arsparafusos\/"},"modified":"2025-12-21T23:08:11","modified_gmt":"2025-12-22T02:08:11","slug":"bujao-conico","status":"publish","type":"product","link":"https:\/\/sceweb2.com.br\/arsparafusos\/bujao-conico\/","title":{"rendered":"Buj\u00e3o C\u00f4nico"},"content":{"rendered":"<p>Caracter\u00edsticas f\u00edsicas:<br \/>\nO Buj\u00e3o C\u00f4nico \u00e9 um buj\u00e3o roscado projetado para o fechamento e veda\u00e7\u00e3o de orif\u00edcios em sistemas hidr\u00e1ulicos, pneum\u00e1ticos e mec\u00e2nicos sob press\u00e3o. Fabricado conforme a norma DIN 906, \u00e9 utilizado em aplica\u00e7\u00f5es industriais onde se exige alta confiabilidade de veda\u00e7\u00e3o. Est\u00e1 dispon\u00edvel em diferentes medidas comerciais, como com conicidade de 3\/4&#215;1 e 7\/8&#215;1, podendo possuir rosca de veda\u00e7\u00e3o do tipo c\u00f4nica, conforme a aplica\u00e7\u00e3o. A veda\u00e7\u00e3o pode ocorrer por interfer\u00eancia da rosca ou pela face do buj\u00e3o, podendo ser utilizada com ou sem anel de veda\u00e7\u00e3o, dependendo do sistema. \u00c9 produzido em a\u00e7o carbono ou a\u00e7o inoxid\u00e1vel, com acabamentos como bicromatizado ou polido, garantindo resist\u00eancia \u00e0 corros\u00e3o, durabilidade e excelente estanqueidade.<\/p>\n","protected":false},"excerpt":{"rendered":"<p>O Buj\u00e3o C\u00f4nico tem como fun\u00e7\u00e3o fechar conex\u00f5es, blocos e extremidades roscadas de tubula\u00e7\u00f5es, proporcionando veda\u00e7\u00e3o segura contra vazamentos de \u00f3leo, ar ou fluido hidr\u00e1ulico. Seu formato e tipo de rosca permitem ajuste firme e progressivo, facilitando a montagem e garantindo efici\u00eancia mesmo em sistemas submetidos a press\u00e3o.<br \/>\nAplica\u00e7\u00f5es e onde \u00e9 usado:<br \/>\nO Buj\u00e3o C\u00f4nico \u00e9 amplamente utilizado em sistemas hidr\u00e1ulicos e pneum\u00e1ticos, motores, redutores, linhas de \u00f3leo, reservat\u00f3rios e conex\u00f5es industriais, sendo ideal para veda\u00e7\u00e3o de circuitos sob press\u00e3o e fechamento de pontos n\u00e3o utilizados em sistemas mec\u00e2nicos e industriais.<\/p>\n","protected":false},"featured_media":3160,"template":"","meta":[],"product_brand":[],"product_cat":[362],"product_tag":[379,375,376,366,363,377,365,370,367,371,380,378,369],"class_list":{"0":"post-3155","1":"product","2":"type-product","3":"status-publish","4":"has-post-thumbnail","6":"product_cat-bujoes","7":"product_tag-bujao-bsp","8":"product_tag-bujao-conicidade-3-4x1","9":"product_tag-bujao-conico","10":"product_tag-bujao-de-aco","11":"product_tag-bujao-de-vedacao","12":"product_tag-bujao-din-906","13":"product_tag-bujao-hidraulico","14":"product_tag-bujao-industrial","15":"product_tag-bujao-inox","16":"product_tag-bujao-mecanico","17":"product_tag-bujao-np","18":"product_tag-bujao-para-tubulacao","19":"product_tag-bujao-roscado","21":"first","22":"instock","23":"shipping-taxable","24":"purchasable","25":"product-type-variable"},"_links":{"self":[{"href":"https:\/\/sceweb2.com.br\/arsparafusos\/wp-json\/wp\/v2\/product\/3155","targetHints":{"allow":["GET"]}}],"collection":[{"href":"https:\/\/sceweb2.com.br\/arsparafusos\/wp-json\/wp\/v2\/product"}],"about":[{"href":"https:\/\/sceweb2.com.br\/arsparafusos\/wp-json\/wp\/v2\/types\/product"}],"wp:featuredmedia":[{"embeddable":true,"href":"https:\/\/sceweb2.com.br\/arsparafusos\/wp-json\/wp\/v2\/media\/3160"}],"wp:attachment":[{"href":"https:\/\/sceweb2.com.br\/arsparafusos\/wp-json\/wp\/v2\/media?parent=3155"}],"wp:term":[{"taxonomy":"product_brand","embeddable":true,"href":"https:\/\/sceweb2.com.br\/arsparafusos\/wp-json\/wp\/v2\/product_brand?post=3155"},{"taxonomy":"product_cat","embeddable":true,"href":"https:\/\/sceweb2.com.br\/arsparafusos\/wp-json\/wp\/v2\/product_cat?post=3155"},{"taxonomy":"product_tag","embeddable":true,"href":"https:\/\/sceweb2.com.br\/arsparafusos\/wp-json\/wp\/v2\/product_tag?post=3155"}],"curies":[{"name":"wp","href":"https:\/\/api.w.org\/{rel}","templated":true}]}}