{"id":3425,"date":"2025-11-23T18:57:20","date_gmt":"2025-11-23T21:57:20","guid":{"rendered":"https:\/\/sceweb2.com.br\/arsparafusos\/"},"modified":"2025-12-18T09:31:30","modified_gmt":"2025-12-18T12:31:30","slug":"parafuso-cabeca-chata-autoatarraxante-phillips","status":"publish","type":"product","link":"https:\/\/sceweb2.com.br\/arsparafusos\/parafuso-cabeca-chata-autoatarraxante-phillips\/","title":{"rendered":"Parafuso Cabe\u00e7a Chata Autoatarraxante Phillips"},"content":{"rendered":"<p>O que \u00e9 e principais fun\u00e7\u00f5es:<\/p>\n<p>Tamb\u00e9m conhecido como parafuso autoatarraxante chata phillips, esse parafuso \u00e9 utilizado para fixa\u00e7\u00f5es r\u00e1pidas e seguras, onde o acabamento embutido e n\u00edvel com a superf\u00edcie s\u00e3o importantes. Seu sistema autoatarraxante forma a pr\u00f3pria rosca no material, dispensando porcas e agilizando o processo de montagem.<\/p>\n<p>Aplica\u00e7\u00f5es e onde \u00e9 usado:<\/p>\n<p>Amplamente empregado em montagens met\u00e1licas, m\u00f3veis, eletrodom\u00e9sticos, eletr\u00f4nicos, esquadrias, pain\u00e9is e chapas finas, o parafuso cabe\u00e7a chata Phillips autoatarraxante \u00e9 ideal para fixa\u00e7\u00f5es firmes, com excelente acabamento e sem sali\u00eancias.<\/p>\n","protected":false},"excerpt":{"rendered":"<p>O Parafuso Cabe\u00e7a Chata Autoatarraxante Phillips \u00e9 um fixador com cabe\u00e7a c\u00f4nica rebaixada e encaixe cruzado tipo Phillips, projetado para rosquear diretamente em chapas met\u00e1licas, pl\u00e1sticos e outros materiais sem necessidade de pr\u00e9-furo. Fabricado conforme as normas DIN 7982 e ISO 7050, possui rosca autoatarraxante afiada e ponta pontiaguda, que garantem excelente penetra\u00e7\u00e3o e fixa\u00e7\u00e3o firme. \u00c9 produzido em a\u00e7o carbono cementado ou a\u00e7o inoxid\u00e1vel, com acabamentos como zincado, oferecendo alta resist\u00eancia \u00e0 corros\u00e3o e durabilidade.<\/p>\n","protected":false},"featured_media":3426,"template":"","meta":[],"product_brand":[],"product_cat":[444,350,445],"product_tag":[],"class_list":{"0":"post-3425","1":"product","2":"type-product","3":"status-publish","4":"has-post-thumbnail","6":"product_cat-autoatarraxante","7":"product_cat-parafusos","8":"product_cat-phillips","10":"first","11":"instock","12":"shipping-taxable","13":"purchasable","14":"product-type-variable"},"_links":{"self":[{"href":"https:\/\/sceweb2.com.br\/arsparafusos\/wp-json\/wp\/v2\/product\/3425","targetHints":{"allow":["GET"]}}],"collection":[{"href":"https:\/\/sceweb2.com.br\/arsparafusos\/wp-json\/wp\/v2\/product"}],"about":[{"href":"https:\/\/sceweb2.com.br\/arsparafusos\/wp-json\/wp\/v2\/types\/product"}],"wp:featuredmedia":[{"embeddable":true,"href":"https:\/\/sceweb2.com.br\/arsparafusos\/wp-json\/wp\/v2\/media\/3426"}],"wp:attachment":[{"href":"https:\/\/sceweb2.com.br\/arsparafusos\/wp-json\/wp\/v2\/media?parent=3425"}],"wp:term":[{"taxonomy":"product_brand","embeddable":true,"href":"https:\/\/sceweb2.com.br\/arsparafusos\/wp-json\/wp\/v2\/product_brand?post=3425"},{"taxonomy":"product_cat","embeddable":true,"href":"https:\/\/sceweb2.com.br\/arsparafusos\/wp-json\/wp\/v2\/product_cat?post=3425"},{"taxonomy":"product_tag","embeddable":true,"href":"https:\/\/sceweb2.com.br\/arsparafusos\/wp-json\/wp\/v2\/product_tag?post=3425"}],"curies":[{"name":"wp","href":"https:\/\/api.w.org\/{rel}","templated":true}]}}